{"id":228,"date":"2012-12-11T09:07:48","date_gmt":"2012-12-11T07:07:48","guid":{"rendered":"http:\/\/www.ilmalampopumpunasennus.com\/blogi\/?page_id=228"},"modified":"2012-12-11T09:07:48","modified_gmt":"2012-12-11T07:07:48","slug":"tilaa-maksuton-arviointi","status":"publish","type":"page","link":"https:\/\/ilmalampopumpunasennus.com\/blogi\/tilaa-maksuton-arviointi\/","title":{"rendered":"Tilaa maksuton arviointi"},"content":{"rendered":"<p>Tekninen arviointi tehd\u00e4\u00e4n asiakkaan antamin tiedoin. Voit l\u00e4hett\u00e4\u00e4 alustavat tiedot alla olevalla lomakkeella. Asentaja pyyt\u00e4\u00e4 tarvittaessa lis\u00e4tietoja puhelimitse tai s\u00e4hk\u00f6postitse.<\/p>\n<p>Arvioinnissa kartoitetaan l\u00e4mmityksen tarve, valitaan paras paikka ilmal\u00e4mp\u00f6pumpulle &#8211; asiakkaan toiveet, l\u00e4mmitysteho ja esteettiset seikat huomioiden.<\/p>\n<p>Arvion perusteella saat yksil\u00f6idyn tarjouksen ilmal\u00e4mp\u00f6pumpun ja asennuksen hinnasta.<\/p>\n<h5>Huom! Tarvittaessa tekninen arviointi tehd\u00e4\u00e4n asennuspaikalla erillisell\u00e4 ilmaisella arviointik\u00e4ynnill\u00e4.<\/h5>\n<h4>Tilatessasi teknisen arvioinnin saat s\u00e4hk\u00f6postiisi 28-sivuisen ilmal\u00e4mp\u00f6pumpun ostajan oppaan.<\/h4>\n\n<div class=\"wpcf7 no-js\" id=\"wpcf7-f2892-o1\" lang=\"en-US\" dir=\"ltr\" data-wpcf7-id=\"2892\">\n<div class=\"screen-reader-response\"><p role=\"status\" aria-live=\"polite\" aria-atomic=\"true\"><\/p> <ul><\/ul><\/div>\n<form action=\"\/blogi\/wp-json\/wp\/v2\/pages\/228#wpcf7-f2892-o1\" method=\"post\" class=\"wpcf7-form init\" aria-label=\"Contact form\" novalidate=\"novalidate\" data-status=\"init\">\n<fieldset class=\"hidden-fields-container\"><input type=\"hidden\" name=\"_wpcf7\" value=\"2892\" \/><input type=\"hidden\" name=\"_wpcf7_version\" value=\"6.1.5\" \/><input type=\"hidden\" name=\"_wpcf7_locale\" value=\"en_US\" \/><input type=\"hidden\" name=\"_wpcf7_unit_tag\" value=\"wpcf7-f2892-o1\" \/><input type=\"hidden\" name=\"_wpcf7_container_post\" value=\"0\" \/><input type=\"hidden\" name=\"_wpcf7_posted_data_hash\" value=\"\" \/>\n<\/fieldset>\n<p>Nimi\n<\/p>\n<p><span class=\"wpcf7-form-control-wrap\" data-name=\"your-name\"><input size=\"44\" maxlength=\"400\" class=\"wpcf7-form-control wpcf7-text wpcf7-validates-as-required\" aria-required=\"true\" aria-invalid=\"false\" value=\"\" type=\"text\" name=\"your-name\" \/><\/span>\n<\/p>\n<p>S\u00e4hk\u00f6posti\n<\/p>\n<p><span class=\"wpcf7-form-control-wrap\" data-name=\"your-email\"><input size=\"44\" maxlength=\"400\" class=\"wpcf7-form-control wpcf7-email wpcf7-validates-as-required wpcf7-text wpcf7-validates-as-email\" aria-required=\"true\" aria-invalid=\"false\" value=\"\" type=\"email\" name=\"your-email\" \/><\/span>\n<\/p>\n<p>Puhelinnumero\n<\/p>\n<p><span class=\"wpcf7-form-control-wrap\" data-name=\"your-phone\"><input size=\"44\" maxlength=\"400\" class=\"wpcf7-form-control wpcf7-text wpcf7-validates-as-required\" aria-required=\"true\" aria-invalid=\"false\" value=\"\" type=\"text\" name=\"your-phone\" \/><\/span>\n<\/p>\n<p>Postiosoite\n<\/p>\n<p><span class=\"wpcf7-form-control-wrap\" data-name=\"your-address\"><input size=\"44\" maxlength=\"400\" class=\"wpcf7-form-control wpcf7-text\" aria-invalid=\"false\" value=\"\" type=\"text\" name=\"your-address\" \/><\/span>\n<\/p>\n<p>Postinumero\n<\/p>\n<p><span class=\"wpcf7-form-control-wrap\" data-name=\"your-zipcode\"><input size=\"44\" maxlength=\"400\" class=\"wpcf7-form-control wpcf7-text\" aria-invalid=\"false\" value=\"\" type=\"text\" name=\"your-zipcode\" \/><\/span>\n<\/p>\n<p>Postitoimipaikka\n<\/p>\n<p><span class=\"wpcf7-form-control-wrap\" data-name=\"your-city\"><input size=\"44\" maxlength=\"400\" class=\"wpcf7-form-control wpcf7-text\" aria-invalid=\"false\" value=\"\" type=\"text\" name=\"your-city\" \/><\/span>\n<\/p>\n<p><span class=\"wpcf7-form-control-wrap\" data-name=\"quiz-854\"><label><span class=\"wpcf7-quiz-label\">Kotimaa<\/span> <input size=\"40\" class=\"wpcf7-form-control wpcf7-quiz\" autocomplete=\"off\" aria-required=\"true\" aria-invalid=\"false\" type=\"text\" name=\"quiz-854\" \/><\/label><input type=\"hidden\" name=\"_wpcf7_quiz_answer_quiz-854\" value=\"699df3b796bf817c587f910895e41e04\" \/><\/span>\n<\/p>\n<h4>Asennusosoite, jos eri kuin kotiosoite (esim. kes\u00e4m\u00f6kki)\n<\/h4>\n<p>Postiosoite\n<\/p>\n<p><span class=\"wpcf7-form-control-wrap\" data-name=\"your-address2\"><input size=\"44\" maxlength=\"400\" class=\"wpcf7-form-control wpcf7-text\" aria-invalid=\"false\" value=\"\" type=\"text\" name=\"your-address2\" \/><\/span>\n<\/p>\n<p>Postinumero\n<\/p>\n<p><span class=\"wpcf7-form-control-wrap\" data-name=\"your-zipcode2\"><input size=\"44\" maxlength=\"400\" class=\"wpcf7-form-control wpcf7-text\" aria-invalid=\"false\" value=\"\" type=\"text\" name=\"your-zipcode2\" \/><\/span>\n<\/p>\n<p>Postitoimipaikka\n<\/p>\n<p><span class=\"wpcf7-form-control-wrap\" data-name=\"your-city2\"><input size=\"44\" maxlength=\"400\" class=\"wpcf7-form-control wpcf7-text\" aria-invalid=\"false\" value=\"\" type=\"text\" name=\"your-city2\" \/><\/span>\n<\/p>\n<p><input class=\"wpcf7-form-control wpcf7-submit has-spinner\" type=\"submit\" value=\"L\u00e4het\u00e4\" \/>\n<\/p><p style=\"display: none !important;\" class=\"akismet-fields-container\" data-prefix=\"_wpcf7_ak_\"><label>&#916;<textarea name=\"_wpcf7_ak_hp_textarea\" cols=\"45\" rows=\"8\" maxlength=\"100\"><\/textarea><\/label><input type=\"hidden\" id=\"ak_js_1\" name=\"_wpcf7_ak_js\" value=\"161\"\/><script type=\"text\/javascript\">\n\/* <![CDATA[ *\/\ndocument.getElementById( \"ak_js_1\" ).setAttribute( \"value\", ( new Date() ).getTime() );\n\/* ]]> *\/\n<\/script>\n<\/p><div class=\"wpcf7-response-output\" aria-hidden=\"true\"><\/div>\n<\/form>\n<\/div>\n\n","protected":false},"excerpt":{"rendered":"<p>Tekninen arviointi tehd\u00e4\u00e4n asiakkaan antamin tiedoin. Voit l\u00e4hett\u00e4\u00e4 alustavat tiedot alla olevalla lomakkeella. Asentaja pyyt\u00e4\u00e4 tarvittaessa lis\u00e4tietoja puhelimitse tai s\u00e4hk\u00f6postitse. Arvioinnissa kartoitetaan l\u00e4mmityksen tarve, valitaan paras paikka ilmal\u00e4mp\u00f6pumpulle &#8211; asiakkaan toiveet, l\u00e4mmitysteho ja esteettiset seikat huomioiden. Arvion perusteella saat yksil\u00f6idyn tarjouksen ilmal\u00e4mp\u00f6pumpun ja asennuksen hinnasta. Huom! Tarvittaessa tekninen arviointi tehd\u00e4\u00e4n <a class=\"more-link\" href=\"https:\/\/ilmalampopumpunasennus.com\/blogi\/tilaa-maksuton-arviointi\/\">Lue lis\u00e4\u00e4 &#8230;<\/a><\/p>\n","protected":false},"author":3,"featured_media":0,"parent":0,"menu_order":0,"comment_status":"open","ping_status":"open","template":"","meta":{"footnotes":""},"yst_prominent_words":[],"class_list":["post-228","page","type-page","status-publish","hentry"],"_links":{"self":[{"href":"https:\/\/ilmalampopumpunasennus.com\/blogi\/wp-json\/wp\/v2\/pages\/228","targetHints":{"allow":["GET"]}}],"collection":[{"href":"https:\/\/ilmalampopumpunasennus.com\/blogi\/wp-json\/wp\/v2\/pages"}],"about":[{"href":"https:\/\/ilmalampopumpunasennus.com\/blogi\/wp-json\/wp\/v2\/types\/page"}],"author":[{"embeddable":true,"href":"https:\/\/ilmalampopumpunasennus.com\/blogi\/wp-json\/wp\/v2\/users\/3"}],"replies":[{"embeddable":true,"href":"https:\/\/ilmalampopumpunasennus.com\/blogi\/wp-json\/wp\/v2\/comments?post=228"}],"version-history":[{"count":0,"href":"https:\/\/ilmalampopumpunasennus.com\/blogi\/wp-json\/wp\/v2\/pages\/228\/revisions"}],"wp:attachment":[{"href":"https:\/\/ilmalampopumpunasennus.com\/blogi\/wp-json\/wp\/v2\/media?parent=228"}],"wp:term":[{"taxonomy":"yst_prominent_words","embeddable":true,"href":"https:\/\/ilmalampopumpunasennus.com\/blogi\/wp-json\/wp\/v2\/yst_prominent_words?post=228"}],"curies":[{"name":"wp","href":"https:\/\/api.w.org\/{rel}","templated":true}]}}