{"id":1914,"date":"2023-03-20T13:01:02","date_gmt":"2023-03-20T11:01:02","guid":{"rendered":"https:\/\/ilmalampopumpunasennus.com\/blogi\/?page_id=1914"},"modified":"2023-03-22T10:54:12","modified_gmt":"2023-03-22T08:54:12","slug":"ilmalampopumpun-asennuksesta-kotitalousvahennys","status":"publish","type":"page","link":"https:\/\/ilmalampopumpunasennus.com\/blogi\/ilmalampopumpun-asennuksesta-kotitalousvahennys\/","title":{"rendered":"Ilmal\u00e4mp\u00f6pumpun asennuksesta kotitalousv\u00e4hennys"},"content":{"rendered":"\n<p>Ilmal\u00e4mp\u00f6pumpun asennuksesta saa my\u00f6s kotitalousv\u00e4hennyksen. V\u00e4hennysosuus lasketaan aina koko ty\u00f6n osuudesta, yhden kotitaloudessa asuvaa henkil\u00f6\u00e4 kohden, maksimissaan v\u00e4hennysosuus on 5875 euroa kahdelta henkil\u00f6lt\u00e4. My\u00f6s avopuoliso voi saada v\u00e4hennyksen. V\u00e4hennykseen riitt\u00e4\u00e4, ett\u00e4 avopuoliso on maksanut v\u00e4hennykseen oikeuttavia kustannuksia ja asuu asunnossa.<\/p>\n\n\n\n<h2 class=\"wp-block-heading\">Ilmal\u00e4mp\u00f6pumpun kotitalousv\u00e4hennyksen hakuohje<\/h2>\n\n\n\n<p><a href=\"https:\/\/www.vero.fi\/henkiloasiakkaat\/verokortti-ja-veroilmoitus\/vahennykset\/kotitalousvahennys\/\" data-type=\"URL\" data-id=\"https:\/\/www.vero.fi\/henkiloasiakkaat\/verokortti-ja-veroilmoitus\/vahennykset\/kotitalousvahennys\/\">Verottajan sivuilta<\/a> p\u00e4\u00e4see suoraan lomakkeeseen, jossa voi antaa tiedot kotitalousv\u00e4hennyksen tekemiseen. Ilmal\u00e4mp\u00f6pumpun asennuksesta saa my\u00f6s v\u00e4hennyksen, v\u00e4hennyksess\u00e4 omavastuuosuus on 100 Euroa, jonka j\u00e4lkeen osuus on 40%.<\/p>\n","protected":false},"excerpt":{"rendered":"<p>Ilmal\u00e4mp\u00f6pumpun asennuksesta saa my\u00f6s kotitalousv\u00e4hennyksen. V\u00e4hennysosuus lasketaan aina koko ty\u00f6n osuudesta, yhden kotitaloudessa asuvaa henkil\u00f6\u00e4 kohden, maksimissaan v\u00e4hennysosuus on 5875 euroa kahdelta henkil\u00f6lt\u00e4. My\u00f6s avopuoliso voi saada v\u00e4hennyksen. V\u00e4hennykseen riitt\u00e4\u00e4, ett\u00e4 avopuoliso on maksanut v\u00e4hennykseen oikeuttavia kustannuksia ja asuu asunnossa. Ilmal\u00e4mp\u00f6pumpun kotitalousv\u00e4hennyksen hakuohje Verottajan sivuilta p\u00e4\u00e4see suoraan lomakkeeseen, jossa voi <a class=\"more-link\" href=\"https:\/\/ilmalampopumpunasennus.com\/blogi\/ilmalampopumpun-asennuksesta-kotitalousvahennys\/\">Lue lis\u00e4\u00e4 &#8230;<\/a><\/p>\n","protected":false},"author":3,"featured_media":0,"parent":0,"menu_order":0,"comment_status":"closed","ping_status":"closed","template":"","meta":{"footnotes":""},"yst_prominent_words":[],"class_list":["post-1914","page","type-page","status-publish","hentry"],"_links":{"self":[{"href":"https:\/\/ilmalampopumpunasennus.com\/blogi\/wp-json\/wp\/v2\/pages\/1914","targetHints":{"allow":["GET"]}}],"collection":[{"href":"https:\/\/ilmalampopumpunasennus.com\/blogi\/wp-json\/wp\/v2\/pages"}],"about":[{"href":"https:\/\/ilmalampopumpunasennus.com\/blogi\/wp-json\/wp\/v2\/types\/page"}],"author":[{"embeddable":true,"href":"https:\/\/ilmalampopumpunasennus.com\/blogi\/wp-json\/wp\/v2\/users\/3"}],"replies":[{"embeddable":true,"href":"https:\/\/ilmalampopumpunasennus.com\/blogi\/wp-json\/wp\/v2\/comments?post=1914"}],"version-history":[{"count":4,"href":"https:\/\/ilmalampopumpunasennus.com\/blogi\/wp-json\/wp\/v2\/pages\/1914\/revisions"}],"predecessor-version":[{"id":2059,"href":"https:\/\/ilmalampopumpunasennus.com\/blogi\/wp-json\/wp\/v2\/pages\/1914\/revisions\/2059"}],"wp:attachment":[{"href":"https:\/\/ilmalampopumpunasennus.com\/blogi\/wp-json\/wp\/v2\/media?parent=1914"}],"wp:term":[{"taxonomy":"yst_prominent_words","embeddable":true,"href":"https:\/\/ilmalampopumpunasennus.com\/blogi\/wp-json\/wp\/v2\/yst_prominent_words?post=1914"}],"curies":[{"name":"wp","href":"https:\/\/api.w.org\/{rel}","templated":true}]}}